{"id":971,"date":"2013-04-11T21:46:26","date_gmt":"2013-04-11T21:46:26","guid":{"rendered":"http:\/\/predimais.com.br\/?page_id=971"},"modified":"2021-02-15T14:18:09","modified_gmt":"2021-02-15T14:18:09","slug":"manutencao-eletrica-no-limite-da-irresponsabilidade","status":"publish","type":"page","link":"https:\/\/predimais.com.br\/index.php\/manutencao-eletrica-no-limite-da-irresponsabilidade","title":{"rendered":"Estado de Conserva\u00e7\u00e3o das Instala\u00e7\u00f5es El\u00e9tricas"},"content":{"rendered":"<p style=\"text-align: justify;\">Em decorr\u00eancia do uso e com o passar do tempo, as instala\u00e7\u00f5es el\u00e9tricas podem ficar absolutamente comprometidas. Al\u00e9m disso, podem ficar desatualizadas em rela\u00e7\u00e3o \u00e0s normas t\u00e9cnicas &#8211; as normas s\u00e3o revisadas periodicamente em rela\u00e7\u00e3o \u00e0 disponibilidade de nossos equipamentos, nossa tecnologia, exig\u00eancias da sociedade, das Cias\u00a0 de seguro etc, o que exige que as instala\u00e7\u00f5es sejam revisadas.<\/p>\n<p style=\"text-align: justify;\">Com o passar do tempo e com o uso, isolantes dos condutores podem ficar comprometidos, disjuntores e outros componentes de seguran\u00e7a podem ficar inoperantes. As consequ\u00eancias podem ser inc\u00eandios, mortes por choques el\u00e9tricos etc.<\/p>\n<p style=\"text-align: justify;\">Isolantes ressecados podem implicar em curto-circuito. Prote\u00e7\u00e3o que n\u00e3o funciona pode implicar em sobrecarga em trechos de circuitos e, consequentemente, aquecimento. O mesmo pode ocorrer com prolongamento de circuitos com cabos mal dimensionados, aumento de cargas etc.<\/p>\n<p style=\"text-align: justify;\">Trag\u00e9dias previs\u00edveis, em casos assim, caracteriza neglig\u00eancia e podem ser classificados como homic\u00eddio culposo.<\/p>\n","protected":false},"excerpt":{"rendered":"<p>Em decorr\u00eancia do uso e com o passar do tempo, as instala\u00e7\u00f5es el\u00e9tricas podem ficar absolutamente comprometidas. Al\u00e9m disso, podem ficar desatualizadas em rela\u00e7\u00e3o \u00e0s normas t\u00e9cnicas &#8211; as normas s\u00e3o revisadas periodicamente em rela\u00e7\u00e3o \u00e0 disponibilidade de nossos equipamentos, nossa tecnologia, exig\u00eancias da sociedade, das Cias\u00a0 de seguro etc, o que exige que as [&hellip;]<\/p>\n","protected":false},"author":2,"featured_media":0,"parent":0,"menu_order":0,"comment_status":"closed","ping_status":"open","template":"","meta":[],"_links":{"self":[{"href":"https:\/\/predimais.com.br\/index.php\/wp-json\/wp\/v2\/pages\/971"}],"collection":[{"href":"https:\/\/predimais.com.br\/index.php\/wp-json\/wp\/v2\/pages"}],"about":[{"href":"https:\/\/predimais.com.br\/index.php\/wp-json\/wp\/v2\/types\/page"}],"author":[{"embeddable":true,"href":"https:\/\/predimais.com.br\/index.php\/wp-json\/wp\/v2\/users\/2"}],"replies":[{"embeddable":true,"href":"https:\/\/predimais.com.br\/index.php\/wp-json\/wp\/v2\/comments?post=971"}],"version-history":[{"count":14,"href":"https:\/\/predimais.com.br\/index.php\/wp-json\/wp\/v2\/pages\/971\/revisions"}],"predecessor-version":[{"id":1340,"href":"https:\/\/predimais.com.br\/index.php\/wp-json\/wp\/v2\/pages\/971\/revisions\/1340"}],"wp:attachment":[{"href":"https:\/\/predimais.com.br\/index.php\/wp-json\/wp\/v2\/media?parent=971"}],"curies":[{"name":"wp","href":"https:\/\/api.w.org\/{rel}","templated":true}]}}