{"id":1442,"date":"2023-08-18T13:29:03","date_gmt":"2023-08-18T13:29:03","guid":{"rendered":"https:\/\/predimais.com.br\/?page_id=1442"},"modified":"2023-09-27T17:00:00","modified_gmt":"2023-09-27T17:00:00","slug":"choques-e-sobrecargas","status":"publish","type":"page","link":"https:\/\/predimais.com.br\/index.php\/choques-e-sobrecargas","title":{"rendered":"Choques e sobrecargas"},"content":{"rendered":"\n<p>O choque el\u00e9trico e a sobrecarga nos condutores acontecem com muita frequ\u00eancia, quase sempre em consequ\u00eancia de instala\u00e7\u00f5es malfeitas ou em condi\u00e7\u00f5es de manuten\u00e7\u00e3o inadequadas.<\/p>\n\n\n\n<p>O choque el\u00e9trico pode, inclusive, levar uma pessoa \u00e0 morte, dependendo da intensidade da corrente el\u00e9trica, da sua dura\u00e7\u00e3o e do percurso da corrente pelo corpo humano. Normalmente o choque acontece do contato com a m\u00e3o em uma pe\u00e7a energizada e o piso; entre as m\u00e3os e os p\u00e9s, portanto.<\/p>\n\n\n\n<p><strong>O que pode ser a causa de um choque el\u00e9trico?<\/strong><\/p>\n\n\n\n<ul><li>Cabos el\u00e9tricos com isolante danificado, em contato com as carca\u00e7as dos equipamentos.<\/li><li>A falta de aterramento em chuveiros, m\u00e1quinas de lavar e outros equipamentos.<\/li><li>Utiliza\u00e7\u00e3o do condutor \u201cneutro\u201d como condutor de aterramento tamb\u00e9m pode, indevidamente, energizar as carca\u00e7as dos equipamentos.<\/li><\/ul>\n\n\n\n<p>A Norma T\u00e9cnica exige a coloca\u00e7\u00e3o de <strong>DR (Rel\u00e9 Diferencial)<\/strong> em circuitos de maior risco de choque el\u00e9trico, notadamente em \u00e1reas de piso molhado: sanit\u00e1rios, cozinha, copa etc. O DR compara as correntes de chegada e sa\u00edda das cargas, no caso de choque, a corrente que \u00e9 desviada pelo corpo da pessoa eletrocutada, fazendo com que a diferen\u00e7a entre as correntes seja notada. O circuito \u00e9 desligado e a pessoa n\u00e3o sofre as consequ\u00eancias da corrente prolongada.<\/p>\n\n\n\n<p>T\u00e3o grave quanto o choque el\u00e9trico, a sobrecarga pode causar inc\u00eandios nas edifica\u00e7\u00f5es com grav\u00edssimas consequ\u00eancias. A <strong>sobrecarga<\/strong> \u00e9 o resultado de uma corrente em um determinado circuito sem que a prote\u00e7\u00e3o atue desligando o referido circuito. Os cabos v\u00e3o aquecer acima do normal e o isolante vai queimar, assim como outros materiais ao seu redor, como os eletrodutos, madeiras, tecidos, cortinas etc.<\/p>\n\n\n\n<p>A sobrecarga \u00e9 consequ\u00eancia de:<\/p>\n\n\n\n<ul><li>Uma corrente maior que a capacidade de condu\u00e7\u00e3o do cabo, causada pela inser\u00e7\u00e3o de uma carga maior que o condutor pode suportar.<\/li><li>Por uma fuga de corrente causada por defeito no isolante.<\/li><li>Por um curto circuito, cuja limita\u00e7\u00e3o de corrente \u00e9 apenas a pr\u00f3pria resist\u00eancia do cabo.<\/li><\/ul>\n\n\n\n<p><\/p>\n\n\n\n<div class=\"wp-block-image\"><figure class=\"aligncenter size-full is-resized\"><img loading=\"lazy\" src=\"http:\/\/predimais.com.br\/wp-content\/uploads\/jhjhj-1.jpg\" alt=\"\" class=\"wp-image-1505\" width=\"409\" height=\"354\" srcset=\"https:\/\/predimais.com.br\/wp-content\/uploads\/jhjhj-1.jpg 561w, https:\/\/predimais.com.br\/wp-content\/uploads\/jhjhj-1-300x260.jpg 300w, https:\/\/predimais.com.br\/wp-content\/uploads\/jhjhj-1-150x130.jpg 150w\" sizes=\"(max-width: 409px) 100vw, 409px\" \/><figcaption>Situa\u00e7\u00e3o de risco de sobrecarga: prote\u00e7\u00e3o \u00fanica para circuitos distintos, cujo os cabos n\u00e3o suportam a corrente nominal da prote\u00e7\u00e3o. Situa\u00e7\u00e3o que pode levar os cabos ao sobreaquecimento com a combust\u00e3o do isolante e outros materiais nas proximidades.<\/figcaption><\/figure><\/div>\n\n\n\n<p>Para evitar a sobrecarga \u00e9 necess\u00e1rio que cada circuito tenha a sua prote\u00e7\u00e3o compat\u00edvel com a capacidade de condu\u00e7\u00e3o de corrente do condutor. <strong>A capacidade de condu\u00e7\u00e3o de corrente el\u00e9trica do condutor deve ser a mesma em toda extens\u00e3o do circuito.<\/strong> N\u00e3o pode haver redu\u00e7\u00e3o da bitola do cabo ao longo do circuito.<\/p>\n","protected":false},"excerpt":{"rendered":"<p>O choque el\u00e9trico e a sobrecarga nos condutores acontecem com muita frequ\u00eancia, quase sempre em consequ\u00eancia de instala\u00e7\u00f5es malfeitas ou em condi\u00e7\u00f5es de manuten\u00e7\u00e3o inadequadas. O choque el\u00e9trico pode, inclusive, levar uma pessoa \u00e0 morte, dependendo da intensidade da corrente el\u00e9trica, da sua dura\u00e7\u00e3o e do percurso da corrente pelo corpo humano. Normalmente o choque [&hellip;]<\/p>\n","protected":false},"author":2,"featured_media":1529,"parent":0,"menu_order":0,"comment_status":"closed","ping_status":"closed","template":"","meta":[],"_links":{"self":[{"href":"https:\/\/predimais.com.br\/index.php\/wp-json\/wp\/v2\/pages\/1442"}],"collection":[{"href":"https:\/\/predimais.com.br\/index.php\/wp-json\/wp\/v2\/pages"}],"about":[{"href":"https:\/\/predimais.com.br\/index.php\/wp-json\/wp\/v2\/types\/page"}],"author":[{"embeddable":true,"href":"https:\/\/predimais.com.br\/index.php\/wp-json\/wp\/v2\/users\/2"}],"replies":[{"embeddable":true,"href":"https:\/\/predimais.com.br\/index.php\/wp-json\/wp\/v2\/comments?post=1442"}],"version-history":[{"count":4,"href":"https:\/\/predimais.com.br\/index.php\/wp-json\/wp\/v2\/pages\/1442\/revisions"}],"predecessor-version":[{"id":1508,"href":"https:\/\/predimais.com.br\/index.php\/wp-json\/wp\/v2\/pages\/1442\/revisions\/1508"}],"wp:featuredmedia":[{"embeddable":true,"href":"https:\/\/predimais.com.br\/index.php\/wp-json\/wp\/v2\/media\/1529"}],"wp:attachment":[{"href":"https:\/\/predimais.com.br\/index.php\/wp-json\/wp\/v2\/media?parent=1442"}],"curies":[{"name":"wp","href":"https:\/\/api.w.org\/{rel}","templated":true}]}}