{"id":1379,"date":"2023-08-11T17:02:45","date_gmt":"2023-08-11T17:02:45","guid":{"rendered":"https:\/\/predimais.com.br\/?page_id=1379"},"modified":"2023-08-18T14:45:49","modified_gmt":"2023-08-18T14:45:49","slug":"certificacao-de-spda","status":"publish","type":"page","link":"https:\/\/predimais.com.br\/index.php\/certificacao-de-spda","title":{"rendered":"Certifica\u00e7\u00e3o de SPDA"},"content":{"rendered":"\n<p><strong>SISTEMA DE PROTE\u00c7\u00c3O CONTRA DESCARGAS ATMOSF\u00c9RICAS \u2013 SPDA<\/strong><\/p>\n\n\n\n<p>A certifica\u00e7\u00e3o do SPDA (sistema de prote\u00e7\u00e3o contra descargas atmosf\u00e9ricas) \u00e9 importante para comprovar que o sistema est\u00e1 em conformidade com as normas t\u00e9cnicas e que todos os par\u00e2metros est\u00e3o dentro dos limites estabelecidos.<\/p>\n\n\n\n<p><\/p>\n\n\n\n<p><strong>PRESTAMOS SERVI\u00c7OS T\u00c9CNICOS EM INSTALA\u00c7\u00d5ES DE SPDA EXISTENTES<\/strong><\/p>\n\n\n\n<ul><li><strong>Medi\u00e7\u00f5es de resist\u00eancia de aterramento<\/strong>, conforme requisitos da NBR 5419\/15 \u2013 equipamento utilizado: terr\u00f4metro digital (digital EARTH TESTER-MTR 1522);<\/li><li><strong>Medi\u00e7\u00f5es de tens\u00e3o de aterramento<\/strong>, conforme requisitos da NBR 5419\/15 \u2013 equipamento utilizado: terr\u00f4metro digital (digital EARTH TESTER-MTR 1522);<\/li><li><strong>Calculamos resistividade do solo<\/strong> com base em medi\u00e7\u00f5es de resist\u00eancia de aterramento, pelo crit\u00e9rio das quatro hastes e uso de terr\u00f4metro digital;<\/li><li><strong>Medi\u00e7\u00f5es de continuidade de descidas em SPDA<\/strong>\u00a0e continuidade entre pontos de aterramento, conforme requisitos da NBR 5419\/15 \u2013 equipamento utilizado: Miliohm\u00edmetro digital- MCR-01;<\/li><li><strong>Elabora\u00e7\u00e3o de relat\u00f3rios<\/strong>\u00a0e emiss\u00e3o de certificados de conformidade t\u00e9cnica sobre SPDA e sistemas de aterramento, conforme requisitos da NBR 5419\/15;<\/li><\/ul>\n\n\n\n<p><\/p>\n\n\n\n<p class=\"has-text-align-center\"><strong>INSTALA\u00c7\u00d5ES NOVAS<\/strong><\/p>\n\n\n\n<ul><li><strong>Elabora\u00e7\u00e3o de projetos de SPDA;<\/strong><\/li><li><strong>Fiscaliza\u00e7\u00e3o de obras de SPDA.<\/strong><\/li><\/ul>\n\n\n\n<p><\/p>\n","protected":false},"excerpt":{"rendered":"<p>SISTEMA DE PROTE\u00c7\u00c3O CONTRA DESCARGAS ATMOSF\u00c9RICAS \u2013 SPDA A certifica\u00e7\u00e3o do SPDA (sistema de prote\u00e7\u00e3o contra descargas atmosf\u00e9ricas) \u00e9 importante para comprovar que o sistema est\u00e1 em conformidade com as normas t\u00e9cnicas e que todos os par\u00e2metros est\u00e3o dentro dos limites estabelecidos. PRESTAMOS SERVI\u00c7OS T\u00c9CNICOS EM INSTALA\u00c7\u00d5ES DE SPDA EXISTENTES Medi\u00e7\u00f5es de resist\u00eancia de aterramento, [&hellip;]<\/p>\n","protected":false},"author":2,"featured_media":1424,"parent":0,"menu_order":0,"comment_status":"closed","ping_status":"closed","template":"","meta":[],"_links":{"self":[{"href":"https:\/\/predimais.com.br\/index.php\/wp-json\/wp\/v2\/pages\/1379"}],"collection":[{"href":"https:\/\/predimais.com.br\/index.php\/wp-json\/wp\/v2\/pages"}],"about":[{"href":"https:\/\/predimais.com.br\/index.php\/wp-json\/wp\/v2\/types\/page"}],"author":[{"embeddable":true,"href":"https:\/\/predimais.com.br\/index.php\/wp-json\/wp\/v2\/users\/2"}],"replies":[{"embeddable":true,"href":"https:\/\/predimais.com.br\/index.php\/wp-json\/wp\/v2\/comments?post=1379"}],"version-history":[{"count":3,"href":"https:\/\/predimais.com.br\/index.php\/wp-json\/wp\/v2\/pages\/1379\/revisions"}],"predecessor-version":[{"id":1468,"href":"https:\/\/predimais.com.br\/index.php\/wp-json\/wp\/v2\/pages\/1379\/revisions\/1468"}],"wp:featuredmedia":[{"embeddable":true,"href":"https:\/\/predimais.com.br\/index.php\/wp-json\/wp\/v2\/media\/1424"}],"wp:attachment":[{"href":"https:\/\/predimais.com.br\/index.php\/wp-json\/wp\/v2\/media?parent=1379"}],"curies":[{"name":"wp","href":"https:\/\/api.w.org\/{rel}","templated":true}]}}