{"id":1374,"date":"2023-08-11T16:51:47","date_gmt":"2023-08-11T16:51:47","guid":{"rendered":"https:\/\/predimais.com.br\/?page_id=1374"},"modified":"2023-12-06T17:05:46","modified_gmt":"2023-12-06T17:05:46","slug":"energia-solar","status":"publish","type":"page","link":"https:\/\/predimais.com.br\/index.php\/energia-solar","title":{"rendered":"Energia solar"},"content":{"rendered":"\n<p>A Predimais atua no segmento de implanta\u00e7\u00e3o de usinas fotovolt\u00e1icas ON GRID (ligada \u00e0 rede el\u00e9trica) e OF GRID (desligada da rede el\u00e9trica), tendo certificado de capacita\u00e7\u00e3o t\u00e9cnica emitido pelo CCT (Centro de capacita\u00e7\u00e3o tecnol\u00f3gica).<\/p>\n\n\n\n<p>&nbsp;Prestamos servi\u00e7os t\u00e9cnicos em instala\u00e7\u00f5es de energia solar fotovolt\u00e1ica, com atua\u00e7\u00e3o em todas as etapas do processo:<\/p>\n\n\n\n<ul><li><strong>Prospec\u00e7\u00e3o de investidores<\/strong><\/li><\/ul>\n\n\n\n<p>Apresenta\u00e7\u00e3o de an\u00e1lise de custos e benef\u00edcios, previs\u00e3o do retorno do investimento, conveni\u00eancias.<\/p>\n\n\n\n<ul><li><strong>Informa\u00e7\u00f5es b\u00e1sicas<\/strong><\/li><\/ul>\n\n\n\n<p>Levantamentos: condi\u00e7\u00f5es do im\u00f3vel, condi\u00e7\u00f5es das instala\u00e7\u00f5es, tipo de telhado, inclina\u00e7\u00e3o do telhado, consumo etc.<\/p>\n\n\n\n<ul><li><strong>Or\u00e7amento preliminar<\/strong><\/li><\/ul>\n\n\n\n<p>Elabora\u00e7\u00e3o de or\u00e7amento preliminar para aceite do investidor.<\/p>\n\n\n\n<ul><li><strong>Projeto e revis\u00e3o do or\u00e7amento<\/strong><\/li><\/ul>\n\n\n\n<p>Elabora\u00e7\u00e3o do projeto definitivo e revis\u00e3o do or\u00e7amento, se necess\u00e1rio. Apresenta\u00e7\u00e3o para o investidor.<\/p>\n\n\n\n<ul><li><strong>O parecer de acesso<\/strong><\/li><\/ul>\n\n\n\n<p>Solicita\u00e7\u00e3o do parecer de acesso \u00e0 rede da concession\u00e1ria de energia el\u00e9trica.<\/p>\n\n\n\n<ul><li><strong>Compra do material<\/strong><\/li><\/ul>\n\n\n\n<p>Compra do material e execu\u00e7\u00e3o da obra.<\/p>\n\n\n\n<ul><li><strong>Homologa\u00e7\u00e3o<\/strong><\/li><\/ul>\n\n\n\n<p>Homologa\u00e7\u00e3o da usina na concession\u00e1ria de energia local.<\/p>\n\n\n\n<p><\/p>\n\n\n\n<p style=\"font-size:25px\"><strong>PROJETO EXECUTADO E INTEGRALIZADO DE UMA USINA FOTOVOLT\u00c1ICA NO EDIF\u00cdCIO TRIANON<\/strong> <strong>&#8211; BH<\/strong><\/p>\n\n\n\n<p class=\"has-medium-font-size\">Obra de instala\u00e7\u00e3o de usina fotovoltaica no terra\u00e7o de um edif\u00edcio de vinte pavimentos com laje plana impermeabilizada. Foram constru\u00eddas sapatas de concreto para aumentar o peso da estrutura, evitando movimenta\u00e7\u00e3o em raz\u00e3o da for\u00e7a do vento.<\/p>\n\n\n\n<p class=\"has-medium-font-size\">Etapas de projeto de instala\u00e7\u00e3o da usina fotovoltaica:<\/p>\n\n\n\n<p class=\"has-medium-font-size\"><strong>1\u00ba Etapa<\/strong><\/p>\n\n\n\n<p class=\"has-medium-font-size\">In\u00edcio da instala\u00e7\u00e3o das bases para os pain\u00e9is de capta\u00e7\u00e3o de energia solar no Edif\u00edcio Trianon.<\/p>\n\n\n\n<div class=\"wp-block-image\"><figure class=\"aligncenter size-large is-resized\"><img loading=\"lazy\" src=\"https:\/\/predimais.com.br\/wp-content\/uploads\/2-1024x768.jpeg\" alt=\"\" class=\"wp-image-1547\" width=\"717\" height=\"538\" srcset=\"https:\/\/predimais.com.br\/wp-content\/uploads\/2-1024x768.jpeg 1024w, https:\/\/predimais.com.br\/wp-content\/uploads\/2-300x225.jpeg 300w, https:\/\/predimais.com.br\/wp-content\/uploads\/2-150x113.jpeg 150w, https:\/\/predimais.com.br\/wp-content\/uploads\/2-768x576.jpeg 768w, https:\/\/predimais.com.br\/wp-content\/uploads\/2-1536x1152.jpeg 1536w, https:\/\/predimais.com.br\/wp-content\/uploads\/2-1280x960.jpeg 1280w, https:\/\/predimais.com.br\/wp-content\/uploads\/2.jpeg 1600w\" sizes=\"(max-width: 717px) 100vw, 717px\" \/><figcaption>Terra\u00e7o do Edif\u00edcio<\/figcaption><\/figure><\/div>\n\n\n\n<p class=\"has-medium-font-size\"><strong>2\u00ba Etapa<\/strong><\/p>\n\n\n\n<p class=\"has-medium-font-size\">Coloca\u00e7\u00e3o dos pain\u00e9is fotovoltaicos e conex\u00f5es dos cabos.<\/p>\n\n\n\n<div class=\"wp-block-image\"><figure class=\"aligncenter size-large is-resized\"><img loading=\"lazy\" src=\"http:\/\/predimais.com.br\/wp-content\/uploads\/3-768x1024.jpeg\" alt=\"\" class=\"wp-image-1548\" width=\"-280\" height=\"-373\" srcset=\"https:\/\/predimais.com.br\/wp-content\/uploads\/3-768x1024.jpeg 768w, https:\/\/predimais.com.br\/wp-content\/uploads\/3-225x300.jpeg 225w, https:\/\/predimais.com.br\/wp-content\/uploads\/3-113x150.jpeg 113w, https:\/\/predimais.com.br\/wp-content\/uploads\/3-1152x1536.jpeg 1152w, https:\/\/predimais.com.br\/wp-content\/uploads\/3-720x960.jpeg 720w, https:\/\/predimais.com.br\/wp-content\/uploads\/3.jpeg 1200w\" sizes=\"(max-width: 768px) 100vw, 768px\" \/><figcaption>Pain\u00e9is sobre o trilho. <\/figcaption><\/figure><\/div>\n\n\n\n<p class=\"has-medium-font-size\"><strong>&nbsp;&nbsp;3\u00ba Etapa<\/strong><\/p>\n\n\n\n<p class=\"has-medium-font-size\">Finaliza\u00e7\u00e3o da instala\u00e7\u00e3o dos pain\u00e9is fotovoltaicos, prontos para receber a liga\u00e7\u00e3o.<\/p>\n\n\n\n<div class=\"wp-block-image\"><figure class=\"aligncenter size-large\"><img loading=\"lazy\" width=\"767\" height=\"1024\" src=\"http:\/\/predimais.com.br\/wp-content\/uploads\/4-edited-767x1024.jpeg\" alt=\"\" class=\"wp-image-1550\" srcset=\"https:\/\/predimais.com.br\/wp-content\/uploads\/4-edited-767x1024.jpeg 767w, https:\/\/predimais.com.br\/wp-content\/uploads\/4-edited-225x300.jpeg 225w, https:\/\/predimais.com.br\/wp-content\/uploads\/4-edited-112x150.jpeg 112w, https:\/\/predimais.com.br\/wp-content\/uploads\/4-edited-768x1026.jpeg 768w, https:\/\/predimais.com.br\/wp-content\/uploads\/4-edited-719x960.jpeg 719w, https:\/\/predimais.com.br\/wp-content\/uploads\/4-edited.jpeg 799w\" sizes=\"(max-width: 767px) 100vw, 767px\" \/><figcaption>Pain\u00e9is sobre o trilho. <\/figcaption><\/figure><\/div>\n\n\n\n<p class=\"has-medium-font-size\"><strong>4\u00ba Etapa<\/strong><\/p>\n\n\n\n<p class=\"has-medium-font-size\">Fase final com vistoria da concession\u00e1ria de energia e instala\u00e7\u00e3o do medidor bidirecional, que vai medir a energia consumida e energia devolvida para o sistema.<\/p>\n\n\n\n<div class=\"wp-block-image\"><figure class=\"aligncenter size-full is-resized\"><img loading=\"lazy\" src=\"https:\/\/predimais.com.br\/wp-content\/uploads\/55.png\" alt=\"\" class=\"wp-image-1551\" width=\"252\" height=\"358\" srcset=\"https:\/\/predimais.com.br\/wp-content\/uploads\/55.png 227w, https:\/\/predimais.com.br\/wp-content\/uploads\/55-211x300.png 211w, https:\/\/predimais.com.br\/wp-content\/uploads\/55-105x150.png 105w\" sizes=\"(max-width: 252px) 100vw, 252px\" \/><figcaption>Vistoria feita pela concession\u00e1ria.<\/figcaption><\/figure><\/div>\n\n\n\n<p class=\"has-medium-font-size\"><strong>Por fim, o servi\u00e7o de vistoria e conex\u00e3o da unidade geradora, foi aprovado<\/strong>.<\/p>\n","protected":false},"excerpt":{"rendered":"<p>A Predimais atua no segmento de implanta\u00e7\u00e3o de usinas fotovolt\u00e1icas ON GRID (ligada \u00e0 rede el\u00e9trica) e OF GRID (desligada da rede el\u00e9trica), tendo certificado de capacita\u00e7\u00e3o t\u00e9cnica emitido pelo CCT (Centro de capacita\u00e7\u00e3o tecnol\u00f3gica). &nbsp;Prestamos servi\u00e7os t\u00e9cnicos em instala\u00e7\u00f5es de energia solar fotovolt\u00e1ica, com atua\u00e7\u00e3o em todas as etapas do processo: Prospec\u00e7\u00e3o de investidores [&hellip;]<\/p>\n","protected":false},"author":2,"featured_media":1392,"parent":0,"menu_order":0,"comment_status":"closed","ping_status":"closed","template":"","meta":[],"_links":{"self":[{"href":"https:\/\/predimais.com.br\/index.php\/wp-json\/wp\/v2\/pages\/1374"}],"collection":[{"href":"https:\/\/predimais.com.br\/index.php\/wp-json\/wp\/v2\/pages"}],"about":[{"href":"https:\/\/predimais.com.br\/index.php\/wp-json\/wp\/v2\/types\/page"}],"author":[{"embeddable":true,"href":"https:\/\/predimais.com.br\/index.php\/wp-json\/wp\/v2\/users\/2"}],"replies":[{"embeddable":true,"href":"https:\/\/predimais.com.br\/index.php\/wp-json\/wp\/v2\/comments?post=1374"}],"version-history":[{"count":13,"href":"https:\/\/predimais.com.br\/index.php\/wp-json\/wp\/v2\/pages\/1374\/revisions"}],"predecessor-version":[{"id":1563,"href":"https:\/\/predimais.com.br\/index.php\/wp-json\/wp\/v2\/pages\/1374\/revisions\/1563"}],"wp:featuredmedia":[{"embeddable":true,"href":"https:\/\/predimais.com.br\/index.php\/wp-json\/wp\/v2\/media\/1392"}],"wp:attachment":[{"href":"https:\/\/predimais.com.br\/index.php\/wp-json\/wp\/v2\/media?parent=1374"}],"curies":[{"name":"wp","href":"https:\/\/api.w.org\/{rel}","templated":true}]}}