{"id":1012,"date":"2013-04-11T21:57:59","date_gmt":"2013-04-11T21:57:59","guid":{"rendered":"http:\/\/predimais.com.br\/?page_id=1012"},"modified":"2023-08-23T19:52:07","modified_gmt":"2023-08-23T19:52:07","slug":"padrao-de-entrada-de-energia","status":"publish","type":"page","link":"https:\/\/predimais.com.br\/index.php\/padrao-de-entrada-de-energia","title":{"rendered":"Padr\u00e3o de Entrada de Energia"},"content":{"rendered":"<p style=\"text-align: justify;\">Padr\u00e3o de entrada de energia \u00e9 o trecho da instala\u00e7\u00e3o el\u00e9trica entre a rede da concession\u00e1ria de energia el\u00e9trica e a caixa de passagem na sa\u00edda da caixa do medidor de energia.<\/p>\n<p style=\"text-align: justify;\">Neste projeto s\u00e3o mostrados os detalhes da descida no poste, caixas de inspe\u00e7\u00e3o, aterramento, conjunto de medi\u00e7\u00e3o, prote\u00e7\u00e3o, bitola dos condutores etc.<\/p>\n<p style=\"text-align: justify;\">\u00c9 o trecho inspecionado pela concession\u00e1ria de energia el\u00e9trica.<\/p>\n<p style=\"text-align: justify;\">\u00c9 necess\u00e1rio o estudo da viabilidade t\u00e9cnica, para definir a melhor localiza\u00e7\u00e3o do medidor, ou conjunto de medi\u00e7\u00e3o, quando a edifica\u00e7\u00e3o tiver mais de uma unidade consumidora. S\u00e3o importantes as condi\u00e7\u00f5es da rede de distribui\u00e7\u00e3o, a localiza\u00e7\u00e3o do poste, a planta de situa\u00e7\u00e3o e o projeto arquitet\u00f4nico; para que tudo seja definido da forma mais econ\u00f4mica, dentro das<\/p>\n<p style=\"text-align: justify;\">Normas e dos crit\u00e9rios da concession\u00e1ria.<\/p>\n<p style=\"text-align: justify;\">Dependendo do porte da edifica\u00e7\u00e3o e de crit\u00e9rios arquitet\u00f4nicos, a entrada pode ser a\u00e9rea ou subterr\u00e2nea. O fornecimento pode ser monof\u00e1sico, bif\u00e1sico ou trif\u00e1sico, dependendo da carga a ser instalada.<\/p>\n<p style=\"text-align: justify;\">Quando o centro de carga estiver distante da rede da concession\u00e1ria, dependendo do consumo, a entrada poder\u00e1 ser feita em m\u00e9dia tens\u00e3o.<\/p>\n","protected":false},"excerpt":{"rendered":"<p>Padr\u00e3o de entrada de energia \u00e9 o trecho da instala\u00e7\u00e3o el\u00e9trica entre a rede da concession\u00e1ria de energia el\u00e9trica e a caixa de passagem na sa\u00edda da caixa do medidor de energia. Neste projeto s\u00e3o mostrados os detalhes da descida no poste, caixas de inspe\u00e7\u00e3o, aterramento, conjunto de medi\u00e7\u00e3o, prote\u00e7\u00e3o, bitola dos condutores etc. \u00c9 [&hellip;]<\/p>\n","protected":false},"author":2,"featured_media":1492,"parent":0,"menu_order":0,"comment_status":"closed","ping_status":"open","template":"","meta":[],"_links":{"self":[{"href":"https:\/\/predimais.com.br\/index.php\/wp-json\/wp\/v2\/pages\/1012"}],"collection":[{"href":"https:\/\/predimais.com.br\/index.php\/wp-json\/wp\/v2\/pages"}],"about":[{"href":"https:\/\/predimais.com.br\/index.php\/wp-json\/wp\/v2\/types\/page"}],"author":[{"embeddable":true,"href":"https:\/\/predimais.com.br\/index.php\/wp-json\/wp\/v2\/users\/2"}],"replies":[{"embeddable":true,"href":"https:\/\/predimais.com.br\/index.php\/wp-json\/wp\/v2\/comments?post=1012"}],"version-history":[{"count":3,"href":"https:\/\/predimais.com.br\/index.php\/wp-json\/wp\/v2\/pages\/1012\/revisions"}],"predecessor-version":[{"id":1352,"href":"https:\/\/predimais.com.br\/index.php\/wp-json\/wp\/v2\/pages\/1012\/revisions\/1352"}],"wp:featuredmedia":[{"embeddable":true,"href":"https:\/\/predimais.com.br\/index.php\/wp-json\/wp\/v2\/media\/1492"}],"wp:attachment":[{"href":"https:\/\/predimais.com.br\/index.php\/wp-json\/wp\/v2\/media?parent=1012"}],"curies":[{"name":"wp","href":"https:\/\/api.w.org\/{rel}","templated":true}]}}