{"id":1010,"date":"2013-04-11T21:57:17","date_gmt":"2013-04-11T21:57:17","guid":{"rendered":"http:\/\/predimais.com.br\/?page_id=1010"},"modified":"2023-09-01T15:51:13","modified_gmt":"2023-09-01T15:51:13","slug":"energia-inteligente","status":"publish","type":"page","link":"https:\/\/predimais.com.br\/index.php\/energia-inteligente","title":{"rendered":"Energia inteligente"},"content":{"rendered":"<p><\/p>\n\n\n<p class=\"has-text-align-left\">A energia el\u00e9trica precisa ser tratada com intelig\u00eancia e cuidado. Pela import\u00e2ncia da energia el\u00e9trica nas edifica\u00e7\u00f5es, pelo impacto que causa no or\u00e7amento dos consumidores e pelo risco de acidentes e inc\u00eandios que representa.<\/p>\n\n\n\n<p class=\"has-text-align-left\">Tens\u00f5es inadequadas para as cargas podem implicar em correntes elevadas causando perdas e aquecimento dos cabos. Por exemplo: chuveiros e fornos devem ser ligados na rede bif\u00e1sica, 220V, com circuito exclusivo.<\/p>\n\n\n\n<p class=\"has-text-align-left\">Circuitos longos e subdimensionados, equipamentos e lumin\u00e1rias com baixo rendimento, fuga de corrente ao longo dos condutores etc, podem representar perdas de energia e aquecimento nas instala\u00e7\u00f5es.<\/p>\n\n\n\n<p class=\"has-text-align-left\">Falta de ilumina\u00e7\u00e3o natural, proveniente do sol, pode implicar em aumento no consumo de energia.<\/p>\n\n\n\n<p class=\"has-text-align-left\">Pintura escura e revestimentos irregulares tamb\u00e9m podem implicar no aumento do consumo de energia.<\/p>\n\n\n\n<p class=\"has-text-align-left\">Equipamentos velhos defeituosos, com isola\u00e7\u00e3o prec\u00e1ria, como portas de geladeiras, podem implicar no aumento do consumo de energia.<\/p>\n\n\n\n<p class=\"has-text-align-left\">Uma alternativa para reduzir drasticamente \u00e9 a instala\u00e7\u00e3o de gera\u00e7\u00e3o pr\u00f3pria de energia solar; que pode reduzir o valor da conta de energia em at\u00e9 98%.<\/p>\n\n\n\n<p class=\"has-text-align-left\">Vale lembrar que o s\u00edndico pode ser responsabilizado civil e criminalmente, caso seja comprovada sua neglig\u00eancia em n\u00e3o executar a manuten\u00e7\u00e3o correta das instala\u00e7\u00f5es el\u00e9tricas.<\/p>\n\n\n\n<p class=\"has-text-align-left\"><strong>A PREDIMAIS ELABORA PROJETOS EL\u00c9TRICOS SEMPRE VISANDO ECONOMIA DE ENERGIA, PRATICIDADE E SEGURAN\u00c7A ACIMA DE TUDO; RESPEITANDO TODAS AS EXIG\u00caNCIAS DAS NORMAS T\u00c9CNICAS PERTINENTES.<\/strong><\/p>\n","protected":false},"excerpt":{"rendered":"<p>A energia el\u00e9trica precisa ser tratada com intelig\u00eancia e cuidado. Pela import\u00e2ncia da energia el\u00e9trica nas edifica\u00e7\u00f5es, pelo impacto que causa no or\u00e7amento dos consumidores e pelo risco de acidentes e inc\u00eandios que representa. Tens\u00f5es inadequadas para as cargas podem implicar em correntes elevadas causando perdas e aquecimento dos cabos. Por exemplo: chuveiros e fornos [&hellip;]<\/p>\n","protected":false},"author":2,"featured_media":1498,"parent":0,"menu_order":0,"comment_status":"closed","ping_status":"open","template":"","meta":[],"_links":{"self":[{"href":"https:\/\/predimais.com.br\/index.php\/wp-json\/wp\/v2\/pages\/1010"}],"collection":[{"href":"https:\/\/predimais.com.br\/index.php\/wp-json\/wp\/v2\/pages"}],"about":[{"href":"https:\/\/predimais.com.br\/index.php\/wp-json\/wp\/v2\/types\/page"}],"author":[{"embeddable":true,"href":"https:\/\/predimais.com.br\/index.php\/wp-json\/wp\/v2\/users\/2"}],"replies":[{"embeddable":true,"href":"https:\/\/predimais.com.br\/index.php\/wp-json\/wp\/v2\/comments?post=1010"}],"version-history":[{"count":12,"href":"https:\/\/predimais.com.br\/index.php\/wp-json\/wp\/v2\/pages\/1010\/revisions"}],"predecessor-version":[{"id":1499,"href":"https:\/\/predimais.com.br\/index.php\/wp-json\/wp\/v2\/pages\/1010\/revisions\/1499"}],"wp:featuredmedia":[{"embeddable":true,"href":"https:\/\/predimais.com.br\/index.php\/wp-json\/wp\/v2\/media\/1498"}],"wp:attachment":[{"href":"https:\/\/predimais.com.br\/index.php\/wp-json\/wp\/v2\/media?parent=1010"}],"curies":[{"name":"wp","href":"https:\/\/api.w.org\/{rel}","templated":true}]}}