{"id":1008,"date":"2013-04-11T21:56:59","date_gmt":"2013-04-11T21:56:59","guid":{"rendered":"http:\/\/predimais.com.br\/?page_id=1008"},"modified":"2023-10-11T13:34:12","modified_gmt":"2023-10-11T13:34:12","slug":"alarme","status":"publish","type":"page","link":"https:\/\/predimais.com.br\/index.php\/alarme","title":{"rendered":"Alarme"},"content":{"rendered":"<p style=\"text-align: left;\" align=\"center\">SISTEMA DE ALARME<\/p>\n<p style=\"text-align: left;\">Em conjunto com o CFTV (Circuito Fechado de Televis\u00e3o), o sistema de alarme representa a seguran\u00e7a eletr\u00f4nica, tanto empresarial quanto residencial.<\/p>\n<p style=\"text-align: left;\">O sistema de alarme \u00e9 composto basicamente por uma central de alarme, o teclado de programa\u00e7\u00e3o, os sensores e o sistema de alerta.<\/p>\n<p style=\"text-align: left;\">A central de alarme deve ser instalada em local seguro, de acesso restrito, por quest\u00f5es de seguran\u00e7a. Quando existir uma sala espec\u00edfica para os equipamentos, normalmente definida como sala site, a central de alarme deve ser instalada nesta sala, para facilitar a interliga\u00e7\u00e3o dela com os demais equipamentos. \u00c9 importante que a central de alarme esteja interligada com o DGT (Distribuidor Geral de Telefonia), para permitir a comunica\u00e7\u00e3o de sinistros por linha telef\u00f4nica convencional e com rack de telecomunica\u00e7\u00f5es, para permitir a comunica\u00e7\u00e3o pela rede. Deve ser prevista uma antena, para a comunica\u00e7\u00e3o por GPRS, e sirene para alarme local.<\/p>\n<p style=\"text-align: left;\">O teclado de programa\u00e7\u00e3o deve ser instalado em local discreto, perto da porta de sa\u00edda; para que o tempo entre a programa\u00e7\u00e3o e a retirada do ambiente seja o menor poss\u00edvel.<\/p>\n<p style=\"text-align: left;\">Os sensores devem ser instalados em locais estrat\u00e9gicos, pr\u00f3ximos de janelas, portas de acessos, sacadas etc. Temos sensores de presen\u00e7a, de quebra de vidro, de fuma\u00e7a, s\u00edsmicos, de umidade do solo em jardins etc.<\/p>\n<p style=\"text-align: left;\">A sirene deve ser instalada em local externo para que a vizinhan\u00e7a, a pol\u00edcia, os guardas, tomem conhecimento de eventuais irregularidades.<\/p>\n<p style=\"text-align: left;\">O sistema de alarme pode estar conjugado com equipamentos de automa\u00e7\u00e3o predial, compartilhando equipamentos e estruturas. Em se tratando de projeto, o importante \u00e9 a defini\u00e7\u00e3o da localiza\u00e7\u00e3o de todos os componentes, as rotas dos eletrodutos e a converg\u00eancia dos cabos para o local da instala\u00e7\u00e3o da central de alarme. Os equipamentos costumam ser comprados e instalados depois da obra conclu\u00edda, pois a estrutura precisa estar correta e completa para evitar obras corretivas (normalmente, com custos elevados) ou sobra de material.<\/p>\n\n\t\t<style type=\"text\/css\">\n\t\t\t#gallery-1 {\n\t\t\t\tmargin: auto;\n\t\t\t}\n\t\t\t#gallery-1 .gallery-item {\n\t\t\t\tfloat: left;\n\t\t\t\tmargin-top: 10px;\n\t\t\t\ttext-align: center;\n\t\t\t\twidth: 33%;\n\t\t\t}\n\t\t\t#gallery-1 img {\n\t\t\t\tborder: 2px solid #cfcfcf;\n\t\t\t}\n\t\t\t#gallery-1 .gallery-caption {\n\t\t\t\tmargin-left: 0;\n\t\t\t}\n\t\t\t\/* see gallery_shortcode() in wp-includes\/media.php *\/\n\t\t<\/style>\n\t\t<div id='gallery-1' class='gallery galleryid-1008 gallery-columns-3 gallery-size-thumbnail'><dl class='gallery-item'>\n\t\t\t<dt class='gallery-icon portrait'>\n\t\t\t\t<a href='https:\/\/predimais.com.br\/index.php\/alarme\/central-de-alarme-aberta'><img width=\"150\" height=\"150\" src=\"https:\/\/predimais.com.br\/wp-content\/uploads\/Central-De-Alarme-Aberta-150x150.jpg\" class=\"attachment-thumbnail size-thumbnail\" alt=\"\" loading=\"lazy\" aria-describedby=\"gallery-1-1164\" srcset=\"https:\/\/predimais.com.br\/wp-content\/uploads\/Central-De-Alarme-Aberta-150x150.jpg 150w, https:\/\/predimais.com.br\/wp-content\/uploads\/Central-De-Alarme-Aberta-180x180.jpg 180w, https:\/\/predimais.com.br\/wp-content\/uploads\/Central-De-Alarme-Aberta-55x55.jpg 55w\" sizes=\"(max-width: 150px) 100vw, 150px\" \/><\/a>\n\t\t\t<\/dt>\n\t\t\t\t<dd class='wp-caption-text gallery-caption' id='gallery-1-1164'>\n\t\t\t\tCentral de Alarme\n\t\t\t\t<\/dd><\/dl><dl class='gallery-item'>\n\t\t\t<dt class='gallery-icon portrait'>\n\t\t\t\t<a href='https:\/\/predimais.com.br\/index.php\/alarme\/cetnral-de-alarme'><img width=\"150\" height=\"150\" src=\"https:\/\/predimais.com.br\/wp-content\/uploads\/Cetnral-De-Alarme-150x150.jpg\" class=\"attachment-thumbnail size-thumbnail\" alt=\"\" loading=\"lazy\" aria-describedby=\"gallery-1-1165\" srcset=\"https:\/\/predimais.com.br\/wp-content\/uploads\/Cetnral-De-Alarme-150x150.jpg 150w, https:\/\/predimais.com.br\/wp-content\/uploads\/Cetnral-De-Alarme-180x180.jpg 180w, https:\/\/predimais.com.br\/wp-content\/uploads\/Cetnral-De-Alarme-55x55.jpg 55w\" sizes=\"(max-width: 150px) 100vw, 150px\" \/><\/a>\n\t\t\t<\/dt>\n\t\t\t\t<dd class='wp-caption-text gallery-caption' id='gallery-1-1165'>\n\t\t\t\tCentral de Alarme com Tampa\n\t\t\t\t<\/dd><\/dl><dl class='gallery-item'>\n\t\t\t<dt class='gallery-icon portrait'>\n\t\t\t\t<a href='https:\/\/predimais.com.br\/index.php\/alarme\/sirene'><img width=\"150\" height=\"150\" src=\"https:\/\/predimais.com.br\/wp-content\/uploads\/Sirene-150x150.jpg\" class=\"attachment-thumbnail size-thumbnail\" alt=\"\" loading=\"lazy\" aria-describedby=\"gallery-1-1166\" srcset=\"https:\/\/predimais.com.br\/wp-content\/uploads\/Sirene-150x150.jpg 150w, https:\/\/predimais.com.br\/wp-content\/uploads\/Sirene-180x180.jpg 180w, https:\/\/predimais.com.br\/wp-content\/uploads\/Sirene-55x55.jpg 55w\" sizes=\"(max-width: 150px) 100vw, 150px\" \/><\/a>\n\t\t\t<\/dt>\n\t\t\t\t<dd class='wp-caption-text gallery-caption' id='gallery-1-1166'>\n\t\t\t\tSirene\n\t\t\t\t<\/dd><\/dl><br style=\"clear: both\" \/><dl class='gallery-item'>\n\t\t\t<dt class='gallery-icon portrait'>\n\t\t\t\t<a href='https:\/\/predimais.com.br\/index.php\/alarme\/ssp'><img width=\"150\" height=\"150\" src=\"https:\/\/predimais.com.br\/wp-content\/uploads\/ssp-150x150.jpg\" class=\"attachment-thumbnail size-thumbnail\" alt=\"\" loading=\"lazy\" aria-describedby=\"gallery-1-1167\" srcset=\"https:\/\/predimais.com.br\/wp-content\/uploads\/ssp-150x150.jpg 150w, https:\/\/predimais.com.br\/wp-content\/uploads\/ssp-180x180.jpg 180w, https:\/\/predimais.com.br\/wp-content\/uploads\/ssp-55x55.jpg 55w\" sizes=\"(max-width: 150px) 100vw, 150px\" \/><\/a>\n\t\t\t<\/dt>\n\t\t\t\t<dd class='wp-caption-text gallery-caption' id='gallery-1-1167'>\n\t\t\t\tSensor de Presen\u00e7a\n\t\t\t\t<\/dd><\/dl>\n\t\t\t<br style='clear: both' \/>\n\t\t<\/div>\n\n","protected":false},"excerpt":{"rendered":"<p>SISTEMA DE ALARME Em conjunto com o CFTV (Circuito Fechado de Televis\u00e3o), o sistema de alarme representa a seguran\u00e7a eletr\u00f4nica, tanto empresarial quanto residencial. O sistema de alarme \u00e9 composto basicamente por uma central de alarme, o teclado de programa\u00e7\u00e3o, os sensores e o sistema de alerta. A central de alarme deve ser instalada em [&hellip;]<\/p>\n","protected":false},"author":2,"featured_media":1533,"parent":0,"menu_order":0,"comment_status":"closed","ping_status":"open","template":"","meta":[],"_links":{"self":[{"href":"https:\/\/predimais.com.br\/index.php\/wp-json\/wp\/v2\/pages\/1008"}],"collection":[{"href":"https:\/\/predimais.com.br\/index.php\/wp-json\/wp\/v2\/pages"}],"about":[{"href":"https:\/\/predimais.com.br\/index.php\/wp-json\/wp\/v2\/types\/page"}],"author":[{"embeddable":true,"href":"https:\/\/predimais.com.br\/index.php\/wp-json\/wp\/v2\/users\/2"}],"replies":[{"embeddable":true,"href":"https:\/\/predimais.com.br\/index.php\/wp-json\/wp\/v2\/comments?post=1008"}],"version-history":[{"count":7,"href":"https:\/\/predimais.com.br\/index.php\/wp-json\/wp\/v2\/pages\/1008\/revisions"}],"predecessor-version":[{"id":1534,"href":"https:\/\/predimais.com.br\/index.php\/wp-json\/wp\/v2\/pages\/1008\/revisions\/1534"}],"wp:featuredmedia":[{"embeddable":true,"href":"https:\/\/predimais.com.br\/index.php\/wp-json\/wp\/v2\/media\/1533"}],"wp:attachment":[{"href":"https:\/\/predimais.com.br\/index.php\/wp-json\/wp\/v2\/media?parent=1008"}],"curies":[{"name":"wp","href":"https:\/\/api.w.org\/{rel}","templated":true}]}}