{"id":1004,"date":"2013-04-11T21:56:15","date_gmt":"2013-04-11T21:56:15","guid":{"rendered":"http:\/\/predimais.com.br\/?page_id=1004"},"modified":"2013-09-30T21:18:40","modified_gmt":"2013-09-30T21:18:40","slug":"telecomunicacao","status":"publish","type":"page","link":"https:\/\/predimais.com.br\/index.php\/telecomunicacao","title":{"rendered":"Telecomunica\u00e7\u00e3o"},"content":{"rendered":"<p>O sistema de telecomunica\u00e7\u00f5es \u00e9 o conjunto que permite a intera\u00e7\u00e3o entre todos os pontos de trabalho e a comunica\u00e7\u00e3o externa, tanto para telefone quanto para dados.<\/p>\n<p>Cada esta\u00e7\u00e3o de trabalho est\u00e1 interligada ao rack de telecomunica\u00e7\u00f5es, por meio de cabos com quatro pares de condutores, que podem ser utilizados para dados ou para voz. Por este motivo a rede \u00e9 chamada de rede estruturada.<\/p>\n<p>No rack de telecomunica\u00e7\u00f5es est\u00e3o instalados os equipamentos ativos de rede, que disponibilizam os sinais para os computadores; o modem, para a comunica\u00e7\u00e3o externa; as tomadas com as linhas telef\u00f4nicas externas e os ramais internos provenientes da central telef\u00f4nica. Com os cabos de conex\u00f5es patch cords, podemos habilitar qualquer ponto distribu\u00eddo na planta, para a fun\u00e7\u00e3o desejada.<\/p>\n<p>Al\u00e9m dos pontos distribu\u00eddos na planta, ao rack de telecomunica\u00e7\u00f5es est\u00e3o interligados o DGT (Distribuidor Geral de Telefonia), para que as linhas externas possam ser acessadas; a central telef\u00f4nica, com disponibiliza\u00e7\u00e3o de todos os ramais; a central de alarme, para que as ocorr\u00eancias sejam comunicadas atrav\u00e9s da rede; o servidor de CFTV (Circuito Fechado de Televis\u00e3o), para o monitoramento remoto das imagens; al\u00e9m de outros equipamentos, dependendo das necessidades.<\/p>\n<p>O rack de telecomunica\u00e7\u00f5es, que \u00e9 o centro do sistema, deve ser instalado na sala destinada aos equipamentos de telecomunica\u00e7\u00f5es, normalmente chamada de sala site ou sala t\u00e9cnica.<\/p>\n<p>O leiaute da sala site deve ser cuidadosamente estudado para permitir a adequada passagem dos cabos, a instala\u00e7\u00e3o dos equipamentos, o acesso aos quadros el\u00e9tricos e o conforto para os operadores.<\/p>\n\n\t\t<style type=\"text\/css\">\n\t\t\t#gallery-1 {\n\t\t\t\tmargin: auto;\n\t\t\t}\n\t\t\t#gallery-1 .gallery-item {\n\t\t\t\tfloat: left;\n\t\t\t\tmargin-top: 10px;\n\t\t\t\ttext-align: center;\n\t\t\t\twidth: 33%;\n\t\t\t}\n\t\t\t#gallery-1 img {\n\t\t\t\tborder: 2px solid #cfcfcf;\n\t\t\t}\n\t\t\t#gallery-1 .gallery-caption {\n\t\t\t\tmargin-left: 0;\n\t\t\t}\n\t\t\t\/* see gallery_shortcode() in wp-includes\/media.php *\/\n\t\t<\/style>\n\t\t<div id='gallery-1' class='gallery galleryid-1004 gallery-columns-3 gallery-size-thumbnail'><dl class='gallery-item'>\n\t\t\t<dt class='gallery-icon landscape'>\n\t\t\t\t<a href='https:\/\/predimais.com.br\/index.php\/telecomunicacao\/telecomunicacoes-01'><img width=\"150\" height=\"150\" src=\"https:\/\/predimais.com.br\/wp-content\/uploads\/telecomunicacoes-01-150x150.jpg\" class=\"attachment-thumbnail size-thumbnail\" alt=\"\" loading=\"lazy\" srcset=\"https:\/\/predimais.com.br\/wp-content\/uploads\/telecomunicacoes-01-150x150.jpg 150w, https:\/\/predimais.com.br\/wp-content\/uploads\/telecomunicacoes-01-180x180.jpg 180w, https:\/\/predimais.com.br\/wp-content\/uploads\/telecomunicacoes-01-55x55.jpg 55w\" sizes=\"(max-width: 150px) 100vw, 150px\" \/><\/a>\n\t\t\t<\/dt><\/dl><dl class='gallery-item'>\n\t\t\t<dt class='gallery-icon landscape'>\n\t\t\t\t<a href='https:\/\/predimais.com.br\/index.php\/telecomunicacao\/telecomunicacoes-02'><img width=\"150\" height=\"150\" src=\"https:\/\/predimais.com.br\/wp-content\/uploads\/telecomunicacoes-02-150x150.jpg\" class=\"attachment-thumbnail size-thumbnail\" alt=\"\" loading=\"lazy\" srcset=\"https:\/\/predimais.com.br\/wp-content\/uploads\/telecomunicacoes-02-150x150.jpg 150w, https:\/\/predimais.com.br\/wp-content\/uploads\/telecomunicacoes-02-180x180.jpg 180w, https:\/\/predimais.com.br\/wp-content\/uploads\/telecomunicacoes-02-55x55.jpg 55w\" sizes=\"(max-width: 150px) 100vw, 150px\" \/><\/a>\n\t\t\t<\/dt><\/dl><dl class='gallery-item'>\n\t\t\t<dt class='gallery-icon landscape'>\n\t\t\t\t<a href='https:\/\/predimais.com.br\/index.php\/telecomunicacao\/telecomunicacoes-03'><img width=\"150\" height=\"150\" src=\"https:\/\/predimais.com.br\/wp-content\/uploads\/telecomunicacoes-03-150x150.jpg\" class=\"attachment-thumbnail size-thumbnail\" alt=\"\" loading=\"lazy\" srcset=\"https:\/\/predimais.com.br\/wp-content\/uploads\/telecomunicacoes-03-150x150.jpg 150w, https:\/\/predimais.com.br\/wp-content\/uploads\/telecomunicacoes-03-180x180.jpg 180w, https:\/\/predimais.com.br\/wp-content\/uploads\/telecomunicacoes-03-55x55.jpg 55w\" sizes=\"(max-width: 150px) 100vw, 150px\" \/><\/a>\n\t\t\t<\/dt><\/dl><br style=\"clear: both\" \/><dl class='gallery-item'>\n\t\t\t<dt class='gallery-icon landscape'>\n\t\t\t\t<a href='https:\/\/predimais.com.br\/index.php\/telecomunicacao\/upt-rj45'><img width=\"150\" height=\"150\" src=\"https:\/\/predimais.com.br\/wp-content\/uploads\/upt-rj45-150x150.jpg\" class=\"attachment-thumbnail size-thumbnail\" alt=\"\" loading=\"lazy\" srcset=\"https:\/\/predimais.com.br\/wp-content\/uploads\/upt-rj45-150x150.jpg 150w, https:\/\/predimais.com.br\/wp-content\/uploads\/upt-rj45-180x180.jpg 180w, https:\/\/predimais.com.br\/wp-content\/uploads\/upt-rj45-55x55.jpg 55w\" sizes=\"(max-width: 150px) 100vw, 150px\" \/><\/a>\n\t\t\t<\/dt><\/dl><dl class='gallery-item'>\n\t\t\t<dt class='gallery-icon landscape'>\n\t\t\t\t<a href='https:\/\/predimais.com.br\/index.php\/telecomunicacao\/vela_rj45'><img width=\"150\" height=\"150\" src=\"https:\/\/predimais.com.br\/wp-content\/uploads\/vela_rj45-150x150.jpg\" class=\"attachment-thumbnail size-thumbnail\" alt=\"\" loading=\"lazy\" srcset=\"https:\/\/predimais.com.br\/wp-content\/uploads\/vela_rj45-150x150.jpg 150w, https:\/\/predimais.com.br\/wp-content\/uploads\/vela_rj45-180x180.jpg 180w, https:\/\/predimais.com.br\/wp-content\/uploads\/vela_rj45-55x55.jpg 55w\" sizes=\"(max-width: 150px) 100vw, 150px\" \/><\/a>\n\t\t\t<\/dt><\/dl>\n\t\t\t<br style='clear: both' \/>\n\t\t<\/div>\n\n","protected":false},"excerpt":{"rendered":"<p>O sistema de telecomunica\u00e7\u00f5es \u00e9 o conjunto que permite a intera\u00e7\u00e3o entre todos os pontos de trabalho e a comunica\u00e7\u00e3o externa, tanto para telefone quanto para dados. Cada esta\u00e7\u00e3o de trabalho est\u00e1 interligada ao rack de telecomunica\u00e7\u00f5es, por meio de cabos com quatro pares de condutores, que podem ser utilizados para dados ou para voz. [&hellip;]<\/p>\n","protected":false},"author":2,"featured_media":944,"parent":0,"menu_order":0,"comment_status":"closed","ping_status":"open","template":"","meta":[],"_links":{"self":[{"href":"https:\/\/predimais.com.br\/index.php\/wp-json\/wp\/v2\/pages\/1004"}],"collection":[{"href":"https:\/\/predimais.com.br\/index.php\/wp-json\/wp\/v2\/pages"}],"about":[{"href":"https:\/\/predimais.com.br\/index.php\/wp-json\/wp\/v2\/types\/page"}],"author":[{"embeddable":true,"href":"https:\/\/predimais.com.br\/index.php\/wp-json\/wp\/v2\/users\/2"}],"replies":[{"embeddable":true,"href":"https:\/\/predimais.com.br\/index.php\/wp-json\/wp\/v2\/comments?post=1004"}],"version-history":[{"count":4,"href":"https:\/\/predimais.com.br\/index.php\/wp-json\/wp\/v2\/pages\/1004\/revisions"}],"predecessor-version":[{"id":1194,"href":"https:\/\/predimais.com.br\/index.php\/wp-json\/wp\/v2\/pages\/1004\/revisions\/1194"}],"wp:featuredmedia":[{"embeddable":true,"href":"https:\/\/predimais.com.br\/index.php\/wp-json\/wp\/v2\/media\/944"}],"wp:attachment":[{"href":"https:\/\/predimais.com.br\/index.php\/wp-json\/wp\/v2\/media?parent=1004"}],"curies":[{"name":"wp","href":"https:\/\/api.w.org\/{rel}","templated":true}]}}