{"id":1002,"date":"2013-04-11T21:55:51","date_gmt":"2013-04-11T21:55:51","guid":{"rendered":"http:\/\/predimais.com.br\/?page_id=1002"},"modified":"2023-10-11T13:36:04","modified_gmt":"2023-10-11T13:36:04","slug":"eletrica-estabilizada","status":"publish","type":"page","link":"https:\/\/predimais.com.br\/index.php\/eletrica-estabilizada","title":{"rendered":"El\u00e9trica Estabilizada"},"content":{"rendered":"<p style=\"text-align: left;\" align=\"center\">DISTRIBUI\u00c7\u00c3O DE ENERGIA ESTABILIZADA<\/p>\n<p>Para melhorar a qualidade da energia fornecida pela concession\u00e1ria, evitando oscila\u00e7\u00f5es e interrup\u00e7\u00f5es, danosas para os equipamentos, s\u00e3o utilizados estabilizador, no-break e GMG, para os circuitos espec\u00edficos, de acordo com as necessidades de cada modalidade de carga.<\/p>\n<p>O estabilizador melhora a qualidade da energia evitando oscila\u00e7\u00f5es de tens\u00e3o. \u00c9 empregado, normalmente, nos circuitos destinados \u00e0s esta\u00e7\u00f5es de trabalho, para alimentar computadores, impressoras etc.<\/p>\n<p>Para a instala\u00e7\u00e3o do estabilizador de tens\u00e3o \u00e9 necess\u00e1rio um QDC (Quadro de Distribui\u00e7\u00e3o de Circuitos) espec\u00edfico, com chave seletora que permita o remanejamento da alimenta\u00e7\u00e3o diretamente para a rede da concession\u00e1ria para fins de manuten\u00e7\u00e3o.<\/p>\n<p>O no-break \u00e9 um estabilizador especial, que tem um banco de baterias a ele associado, mantendo as cargas alimentadas, por um determinado tempo, mesmo com a interrup\u00e7\u00e3o do fornecimento. A autonomia depende do porte do banco de baterias.<\/p>\n<p>O GMG (Grupo Motor-Gerador) \u00e9 um gerador de energia que vai entrar em funcionamento automaticamente no caso de falta de energia por per\u00edodo longo.<\/p>\n<p>O GMG pode ser instalado independente, para circuitos cujas cargas admitem interrup\u00e7\u00f5es e oscila\u00e7\u00f5es de energia, como c\u00e2maras frigor\u00edficas, ou associadas a no-break ou estabilizador.<\/p>\n\n\t\t<style type=\"text\/css\">\n\t\t\t#gallery-1 {\n\t\t\t\tmargin: auto;\n\t\t\t}\n\t\t\t#gallery-1 .gallery-item {\n\t\t\t\tfloat: left;\n\t\t\t\tmargin-top: 10px;\n\t\t\t\ttext-align: center;\n\t\t\t\twidth: 33%;\n\t\t\t}\n\t\t\t#gallery-1 img {\n\t\t\t\tborder: 2px solid #cfcfcf;\n\t\t\t}\n\t\t\t#gallery-1 .gallery-caption {\n\t\t\t\tmargin-left: 0;\n\t\t\t}\n\t\t\t\/* see gallery_shortcode() in wp-includes\/media.php *\/\n\t\t<\/style>\n\t\t<div id='gallery-1' class='gallery galleryid-1002 gallery-columns-3 gallery-size-thumbnail'><dl class='gallery-item'>\n\t\t\t<dt class='gallery-icon landscape'>\n\t\t\t\t<a href='https:\/\/predimais.com.br\/index.php\/eletrica-estabilizada\/estabilizador'><img width=\"150\" height=\"150\" src=\"https:\/\/predimais.com.br\/wp-content\/uploads\/estabilizador-150x150.jpg\" class=\"attachment-thumbnail size-thumbnail\" alt=\"\" loading=\"lazy\" srcset=\"https:\/\/predimais.com.br\/wp-content\/uploads\/estabilizador-150x150.jpg 150w, https:\/\/predimais.com.br\/wp-content\/uploads\/estabilizador-180x180.jpg 180w, https:\/\/predimais.com.br\/wp-content\/uploads\/estabilizador-55x55.jpg 55w\" sizes=\"(max-width: 150px) 100vw, 150px\" \/><\/a>\n\t\t\t<\/dt><\/dl><dl class='gallery-item'>\n\t\t\t<dt class='gallery-icon landscape'>\n\t\t\t\t<a href='https:\/\/predimais.com.br\/index.php\/eletrica-estabilizada\/no-break'><img width=\"150\" height=\"150\" src=\"https:\/\/predimais.com.br\/wp-content\/uploads\/no-break-150x150.jpg\" class=\"attachment-thumbnail size-thumbnail\" alt=\"\" loading=\"lazy\" srcset=\"https:\/\/predimais.com.br\/wp-content\/uploads\/no-break-150x150.jpg 150w, https:\/\/predimais.com.br\/wp-content\/uploads\/no-break-180x180.jpg 180w, https:\/\/predimais.com.br\/wp-content\/uploads\/no-break-55x55.jpg 55w\" sizes=\"(max-width: 150px) 100vw, 150px\" \/><\/a>\n\t\t\t<\/dt><\/dl><dl class='gallery-item'>\n\t\t\t<dt class='gallery-icon landscape'>\n\t\t\t\t<a href='https:\/\/predimais.com.br\/index.php\/eletrica-estabilizada\/qdcnb-e-qdcee2'><img width=\"150\" height=\"150\" src=\"https:\/\/predimais.com.br\/wp-content\/uploads\/QDCNB-e-QDCEE2-150x150.jpg\" class=\"attachment-thumbnail size-thumbnail\" alt=\"\" loading=\"lazy\" srcset=\"https:\/\/predimais.com.br\/wp-content\/uploads\/QDCNB-e-QDCEE2-150x150.jpg 150w, https:\/\/predimais.com.br\/wp-content\/uploads\/QDCNB-e-QDCEE2-180x180.jpg 180w, https:\/\/predimais.com.br\/wp-content\/uploads\/QDCNB-e-QDCEE2-55x55.jpg 55w\" sizes=\"(max-width: 150px) 100vw, 150px\" \/><\/a>\n\t\t\t<\/dt><\/dl><br style=\"clear: both\" \/>\n\t\t<\/div>\n\n","protected":false},"excerpt":{"rendered":"<p>DISTRIBUI\u00c7\u00c3O DE ENERGIA ESTABILIZADA Para melhorar a qualidade da energia fornecida pela concession\u00e1ria, evitando oscila\u00e7\u00f5es e interrup\u00e7\u00f5es, danosas para os equipamentos, s\u00e3o utilizados estabilizador, no-break e GMG, para os circuitos espec\u00edficos, de acordo com as necessidades de cada modalidade de carga. O estabilizador melhora a qualidade da energia evitando oscila\u00e7\u00f5es de tens\u00e3o. \u00c9 empregado, normalmente, [&hellip;]<\/p>\n","protected":false},"author":2,"featured_media":1478,"parent":0,"menu_order":0,"comment_status":"closed","ping_status":"open","template":"","meta":[],"_links":{"self":[{"href":"https:\/\/predimais.com.br\/index.php\/wp-json\/wp\/v2\/pages\/1002"}],"collection":[{"href":"https:\/\/predimais.com.br\/index.php\/wp-json\/wp\/v2\/pages"}],"about":[{"href":"https:\/\/predimais.com.br\/index.php\/wp-json\/wp\/v2\/types\/page"}],"author":[{"embeddable":true,"href":"https:\/\/predimais.com.br\/index.php\/wp-json\/wp\/v2\/users\/2"}],"replies":[{"embeddable":true,"href":"https:\/\/predimais.com.br\/index.php\/wp-json\/wp\/v2\/comments?post=1002"}],"version-history":[{"count":4,"href":"https:\/\/predimais.com.br\/index.php\/wp-json\/wp\/v2\/pages\/1002\/revisions"}],"predecessor-version":[{"id":1220,"href":"https:\/\/predimais.com.br\/index.php\/wp-json\/wp\/v2\/pages\/1002\/revisions\/1220"}],"wp:featuredmedia":[{"embeddable":true,"href":"https:\/\/predimais.com.br\/index.php\/wp-json\/wp\/v2\/media\/1478"}],"wp:attachment":[{"href":"https:\/\/predimais.com.br\/index.php\/wp-json\/wp\/v2\/media?parent=1002"}],"curies":[{"name":"wp","href":"https:\/\/api.w.org\/{rel}","templated":true}]}}