{"id":1000,"date":"2013-04-11T21:55:30","date_gmt":"2013-04-11T21:55:30","guid":{"rendered":"http:\/\/predimais.com.br\/?page_id=1000"},"modified":"2013-09-30T21:12:30","modified_gmt":"2013-09-30T21:12:30","slug":"eletrica-convencional","status":"publish","type":"page","link":"https:\/\/predimais.com.br\/index.php\/eletrica-convencional","title":{"rendered":"El\u00e9trica Convencional"},"content":{"rendered":"<p style=\"text-align: left;\" align=\"center\">DISTRIBUI\u00c7\u00c3O DE ENERGIA EL\u00c9TRICA CONVENCIONAL<\/p>\n<p>Distribui\u00e7\u00e3o de energia el\u00e9trica convencional \u00e9 a parte das instala\u00e7\u00f5es el\u00e9tricas que utiliza a energia da forma convencional, tal como \u00e9 fornecida pela concession\u00e1ria de energia.<\/p>\n<p>\u00c9 uma energia vulner\u00e1vel, podendo sofrer interrup\u00e7\u00f5es de fornecimento, varia\u00e7\u00f5es de tens\u00e3o e outras falhas, uma vez que a rede el\u00e9trica est\u00e1 sujeita a oscila\u00e7\u00f5es por manobras, acidentes diversos, descargas atmosf\u00e9ricas etc.<\/p>\n<p>Sem contar com estabilizador de tens\u00e3o, no-break e GMG (Grupo Motor-Gerador), os circuitos de energia el\u00e9trica convencional se destinam \u00e0s cargas cujo funcionamento pode se submeter \u00e0s estas condi\u00e7\u00f5es de fornecimento.<\/p>\n<p>Normalmente esta forma de energia \u00e9 empregada para ilumina\u00e7\u00e3o, tomadas de uso geral, m\u00e1quinas etc.<\/p>\n<p>Contudo, s\u00e3o necess\u00e1rios os DPS (Dispositivos de prote\u00e7\u00e3o contra surtos de tens\u00e3o), DR (Rel\u00e9 diferencial), ilumina\u00e7\u00e3o de emerg\u00eancia etc. Tudo de acordo com as Normas T\u00e9cnicas.<\/p>\n<p>Os quadros el\u00e9tricos, eletrodutos etc, s\u00e3o independentes das demais modalidades de distribui\u00e7\u00e3o.<\/p>\n<p>Todos os pontos devem ser identificados para evitar d\u00favidas no momento da utiliza\u00e7\u00e3o.<\/p>\n\n\t\t<style type=\"text\/css\">\n\t\t\t#gallery-1 {\n\t\t\t\tmargin: auto;\n\t\t\t}\n\t\t\t#gallery-1 .gallery-item {\n\t\t\t\tfloat: left;\n\t\t\t\tmargin-top: 10px;\n\t\t\t\ttext-align: center;\n\t\t\t\twidth: 33%;\n\t\t\t}\n\t\t\t#gallery-1 img {\n\t\t\t\tborder: 2px solid #cfcfcf;\n\t\t\t}\n\t\t\t#gallery-1 .gallery-caption {\n\t\t\t\tmargin-left: 0;\n\t\t\t}\n\t\t\t\/* see gallery_shortcode() in wp-includes\/media.php *\/\n\t\t<\/style>\n\t\t<div id='gallery-1' class='gallery galleryid-1000 gallery-columns-3 gallery-size-thumbnail'><dl class='gallery-item'>\n\t\t\t<dt class='gallery-icon landscape'>\n\t\t\t\t<a href='https:\/\/predimais.com.br\/index.php\/eletrica-convencional\/100_1481'><img width=\"150\" height=\"150\" src=\"https:\/\/predimais.com.br\/wp-content\/uploads\/100_1481-150x150.jpg\" class=\"attachment-thumbnail size-thumbnail\" alt=\"\" loading=\"lazy\" srcset=\"https:\/\/predimais.com.br\/wp-content\/uploads\/100_1481-150x150.jpg 150w, https:\/\/predimais.com.br\/wp-content\/uploads\/100_1481-180x180.jpg 180w, https:\/\/predimais.com.br\/wp-content\/uploads\/100_1481-55x55.jpg 55w\" sizes=\"(max-width: 150px) 100vw, 150px\" \/><\/a>\n\t\t\t<\/dt><\/dl><dl class='gallery-item'>\n\t\t\t<dt class='gallery-icon landscape'>\n\t\t\t\t<a href='https:\/\/predimais.com.br\/index.php\/eletrica-convencional\/100_2521'><img width=\"150\" height=\"150\" src=\"https:\/\/predimais.com.br\/wp-content\/uploads\/100_2521-150x150.jpg\" class=\"attachment-thumbnail size-thumbnail\" alt=\"\" loading=\"lazy\" srcset=\"https:\/\/predimais.com.br\/wp-content\/uploads\/100_2521-150x150.jpg 150w, https:\/\/predimais.com.br\/wp-content\/uploads\/100_2521-180x180.jpg 180w, https:\/\/predimais.com.br\/wp-content\/uploads\/100_2521-55x55.jpg 55w\" sizes=\"(max-width: 150px) 100vw, 150px\" \/><\/a>\n\t\t\t<\/dt><\/dl>\n\t\t\t<br style='clear: both' \/>\n\t\t<\/div>\n\n","protected":false},"excerpt":{"rendered":"<p>DISTRIBUI\u00c7\u00c3O DE ENERGIA EL\u00c9TRICA CONVENCIONAL Distribui\u00e7\u00e3o de energia el\u00e9trica convencional \u00e9 a parte das instala\u00e7\u00f5es el\u00e9tricas que utiliza a energia da forma convencional, tal como \u00e9 fornecida pela concession\u00e1ria de energia. \u00c9 uma energia vulner\u00e1vel, podendo sofrer interrup\u00e7\u00f5es de fornecimento, varia\u00e7\u00f5es de tens\u00e3o e outras falhas, uma vez que a rede el\u00e9trica est\u00e1 sujeita a [&hellip;]<\/p>\n","protected":false},"author":2,"featured_media":0,"parent":0,"menu_order":0,"comment_status":"closed","ping_status":"open","template":"","meta":[],"_links":{"self":[{"href":"https:\/\/predimais.com.br\/index.php\/wp-json\/wp\/v2\/pages\/1000"}],"collection":[{"href":"https:\/\/predimais.com.br\/index.php\/wp-json\/wp\/v2\/pages"}],"about":[{"href":"https:\/\/predimais.com.br\/index.php\/wp-json\/wp\/v2\/types\/page"}],"author":[{"embeddable":true,"href":"https:\/\/predimais.com.br\/index.php\/wp-json\/wp\/v2\/users\/2"}],"replies":[{"embeddable":true,"href":"https:\/\/predimais.com.br\/index.php\/wp-json\/wp\/v2\/comments?post=1000"}],"version-history":[{"count":5,"href":"https:\/\/predimais.com.br\/index.php\/wp-json\/wp\/v2\/pages\/1000\/revisions"}],"predecessor-version":[{"id":1208,"href":"https:\/\/predimais.com.br\/index.php\/wp-json\/wp\/v2\/pages\/1000\/revisions\/1208"}],"wp:attachment":[{"href":"https:\/\/predimais.com.br\/index.php\/wp-json\/wp\/v2\/media?parent=1000"}],"curies":[{"name":"wp","href":"https:\/\/api.w.org\/{rel}","templated":true}]}}